{"id":201,"date":"2021-07-02T00:29:21","date_gmt":"2021-07-02T00:29:21","guid":{"rendered":"https:\/\/cocinasetc.com.gt\/cocinas-closets-banios2\/?page_id=201"},"modified":"2025-11-27T22:07:24","modified_gmt":"2025-11-27T22:07:24","slug":"muebles-de-bano","status":"publish","type":"page","link":"https:\/\/cocinasetc.com.gt\/cocinas-closets-banios2\/muebles-de-bano\/","title":{"rendered":"MUEBLES DE BA\u00d1O"},"content":{"rendered":"\t\t<div data-elementor-type=\"wp-page\" data-elementor-id=\"201\" class=\"elementor elementor-201\" data-elementor-post-type=\"page\">\n\t\t\t\t\t\t<section class=\"elementor-section elementor-top-section elementor-element elementor-element-2fa12675 elementor-section-boxed elementor-section-height-default elementor-section-height-default\" data-id=\"2fa12675\" data-element_type=\"section\" data-e-type=\"section\" data-settings=\"{&quot;background_background&quot;:&quot;classic&quot;}\">\n\t\t\t\t\t\t<div class=\"elementor-container elementor-column-gap-default\">\n\t\t\t\t\t<div class=\"elementor-column elementor-col-100 elementor-top-column elementor-element elementor-element-5f5f09cd\" data-id=\"5f5f09cd\" data-element_type=\"column\" data-e-type=\"column\">\n\t\t\t<div class=\"elementor-widget-wrap elementor-element-populated\">\n\t\t\t\t\t\t<section class=\"elementor-section elementor-inner-section elementor-element elementor-element-137bd07b elementor-section-full_width elementor-section-height-default elementor-section-height-default\" data-id=\"137bd07b\" data-element_type=\"section\" data-e-type=\"section\">\n\t\t\t\t\t\t<div class=\"elementor-container elementor-column-gap-default\">\n\t\t\t\t\t<div class=\"elementor-column elementor-col-100 elementor-inner-column elementor-element elementor-element-159a5c77\" data-id=\"159a5c77\" data-element_type=\"column\" data-e-type=\"column\">\n\t\t\t<div class=\"elementor-widget-wrap elementor-element-populated\">\n\t\t\t\t\t\t<div class=\"elementor-element elementor-element-5f8fec5b elementor-widget elementor-widget-heading\" data-id=\"5f8fec5b\" data-element_type=\"widget\" data-e-type=\"widget\" data-widget_type=\"heading.default\">\n\t\t\t\t<div class=\"elementor-widget-container\">\n\t\t\t\t\t<h3 class=\"elementor-heading-title elementor-size-default\">MUEBLES DE BA\u00d1O<\/h3>\t\t\t\t<\/div>\n\t\t\t\t<\/div>\n\t\t\t\t\t<\/div>\n\t\t<\/div>\n\t\t\t\t\t<\/div>\n\t\t<\/section>\n\t\t\t\t\t<\/div>\n\t\t<\/div>\n\t\t\t\t\t<\/div>\n\t\t<\/section>\n\t\t\t\t<section class=\"elementor-section elementor-top-section elementor-element elementor-element-cc8a963 elementor-section-boxed elementor-section-height-default elementor-section-height-default\" data-id=\"cc8a963\" data-element_type=\"section\" data-e-type=\"section\">\n\t\t\t\t\t\t<div class=\"elementor-container elementor-column-gap-default\">\n\t\t\t\t\t<div class=\"elementor-column elementor-col-100 elementor-top-column elementor-element elementor-element-33f114b0\" data-id=\"33f114b0\" data-element_type=\"column\" data-e-type=\"column\">\n\t\t\t<div class=\"elementor-widget-wrap elementor-element-populated\">\n\t\t\t\t\t\t<section class=\"elementor-section elementor-inner-section elementor-element elementor-element-2c3c64b8 elementor-section-full_width elementor-section-height-default elementor-section-height-default\" data-id=\"2c3c64b8\" data-element_type=\"section\" data-e-type=\"section\">\n\t\t\t\t\t\t<div class=\"elementor-container elementor-column-gap-default\">\n\t\t\t\t\t<div class=\"elementor-column elementor-col-50 elementor-inner-column elementor-element elementor-element-1c87aa89\" data-id=\"1c87aa89\" data-element_type=\"column\" data-e-type=\"column\">\n\t\t\t<div class=\"elementor-widget-wrap elementor-element-populated\">\n\t\t\t\t\t\t<div class=\"elementor-element elementor-element-774a537f elementor-widget elementor-widget-image\" data-id=\"774a537f\" data-element_type=\"widget\" data-e-type=\"widget\" data-widget_type=\"image.default\">\n\t\t\t\t<div class=\"elementor-widget-container\">\n\t\t\t\t\t\t\t\t\t\t\t\t\t\t\t<img fetchpriority=\"high\" decoding=\"async\" width=\"1010\" height=\"610\" src=\"https:\/\/cocinasetc.com.gt\/cocinas-closets-banios2\/wp-content\/uploads\/2025\/11\/foto-principal-muebles-para-banios.jpg\" class=\"elementor-animation-sink attachment-full size-full wp-image-1237\" alt=\"\" srcset=\"https:\/\/cocinasetc.com.gt\/cocinas-closets-banios2\/wp-content\/uploads\/2025\/11\/foto-principal-muebles-para-banios.jpg 1010w, https:\/\/cocinasetc.com.gt\/cocinas-closets-banios2\/wp-content\/uploads\/2025\/11\/foto-principal-muebles-para-banios-300x181.jpg 300w, https:\/\/cocinasetc.com.gt\/cocinas-closets-banios2\/wp-content\/uploads\/2025\/11\/foto-principal-muebles-para-banios-768x464.jpg 768w, https:\/\/cocinasetc.com.gt\/cocinas-closets-banios2\/wp-content\/uploads\/2025\/11\/foto-principal-muebles-para-banios-700x423.jpg 700w, https:\/\/cocinasetc.com.gt\/cocinas-closets-banios2\/wp-content\/uploads\/2025\/11\/foto-principal-muebles-para-banios-500x302.jpg 500w\" sizes=\"(max-width: 1010px) 100vw, 1010px\" \/>\t\t\t\t\t\t\t\t\t\t\t\t\t\t\t<\/div>\n\t\t\t\t<\/div>\n\t\t\t\t\t<\/div>\n\t\t<\/div>\n\t\t\t\t<div class=\"elementor-column elementor-col-50 elementor-inner-column elementor-element elementor-element-3fc2ecd7\" data-id=\"3fc2ecd7\" data-element_type=\"column\" data-e-type=\"column\">\n\t\t\t<div class=\"elementor-widget-wrap elementor-element-populated\">\n\t\t\t\t\t\t<div class=\"elementor-element elementor-element-67ac077c elementor-widget elementor-widget-image\" data-id=\"67ac077c\" data-element_type=\"widget\" data-e-type=\"widget\" data-widget_type=\"image.default\">\n\t\t\t\t<div class=\"elementor-widget-container\">\n\t\t\t\t\t\t\t\t\t\t\t\t\t\t\t<img decoding=\"async\" width=\"460\" height=\"460\" src=\"https:\/\/cocinasetc.com.gt\/cocinas-closets-banios2\/wp-content\/uploads\/2025\/11\/gal1.jpg\" class=\"attachment-full size-full wp-image-1238\" alt=\"\" srcset=\"https:\/\/cocinasetc.com.gt\/cocinas-closets-banios2\/wp-content\/uploads\/2025\/11\/gal1.jpg 460w, https:\/\/cocinasetc.com.gt\/cocinas-closets-banios2\/wp-content\/uploads\/2025\/11\/gal1-300x300.jpg 300w, https:\/\/cocinasetc.com.gt\/cocinas-closets-banios2\/wp-content\/uploads\/2025\/11\/gal1-150x150.jpg 150w\" sizes=\"(max-width: 460px) 100vw, 460px\" \/>\t\t\t\t\t\t\t\t\t\t\t\t\t\t\t<\/div>\n\t\t\t\t<\/div>\n\t\t\t\t<div class=\"elementor-element elementor-element-6ad7e8ab elementor-widget elementor-widget-image\" data-id=\"6ad7e8ab\" data-element_type=\"widget\" data-e-type=\"widget\" data-widget_type=\"image.default\">\n\t\t\t\t<div class=\"elementor-widget-container\">\n\t\t\t\t\t\t\t\t\t\t\t\t\t\t\t<img decoding=\"async\" width=\"460\" height=\"460\" src=\"https:\/\/cocinasetc.com.gt\/cocinas-closets-banios2\/wp-content\/uploads\/2025\/11\/gal2.jpg\" class=\"attachment-full size-full wp-image-1239\" alt=\"\" srcset=\"https:\/\/cocinasetc.com.gt\/cocinas-closets-banios2\/wp-content\/uploads\/2025\/11\/gal2.jpg 460w, https:\/\/cocinasetc.com.gt\/cocinas-closets-banios2\/wp-content\/uploads\/2025\/11\/gal2-300x300.jpg 300w, https:\/\/cocinasetc.com.gt\/cocinas-closets-banios2\/wp-content\/uploads\/2025\/11\/gal2-150x150.jpg 150w\" sizes=\"(max-width: 460px) 100vw, 460px\" \/>\t\t\t\t\t\t\t\t\t\t\t\t\t\t\t<\/div>\n\t\t\t\t<\/div>\n\t\t\t\t<div class=\"elementor-element elementor-element-78a43b3f elementor-widget elementor-widget-image\" data-id=\"78a43b3f\" data-element_type=\"widget\" data-e-type=\"widget\" data-widget_type=\"image.default\">\n\t\t\t\t<div class=\"elementor-widget-container\">\n\t\t\t\t\t\t\t\t\t\t\t\t\t\t\t<img loading=\"lazy\" decoding=\"async\" width=\"460\" height=\"460\" src=\"https:\/\/cocinasetc.com.gt\/cocinas-closets-banios2\/wp-content\/uploads\/2025\/11\/gal3.jpg\" class=\"attachment-full size-full wp-image-1240\" alt=\"\" srcset=\"https:\/\/cocinasetc.com.gt\/cocinas-closets-banios2\/wp-content\/uploads\/2025\/11\/gal3.jpg 460w, https:\/\/cocinasetc.com.gt\/cocinas-closets-banios2\/wp-content\/uploads\/2025\/11\/gal3-300x300.jpg 300w, https:\/\/cocinasetc.com.gt\/cocinas-closets-banios2\/wp-content\/uploads\/2025\/11\/gal3-150x150.jpg 150w\" sizes=\"(max-width: 460px) 100vw, 460px\" \/>\t\t\t\t\t\t\t\t\t\t\t\t\t\t\t<\/div>\n\t\t\t\t<\/div>\n\t\t\t\t<div class=\"elementor-element elementor-element-428ce46d elementor-widget elementor-widget-image\" data-id=\"428ce46d\" data-element_type=\"widget\" data-e-type=\"widget\" data-widget_type=\"image.default\">\n\t\t\t\t<div class=\"elementor-widget-container\">\n\t\t\t\t\t\t\t\t\t\t\t\t\t\t\t<img loading=\"lazy\" decoding=\"async\" width=\"460\" height=\"460\" src=\"https:\/\/cocinasetc.com.gt\/cocinas-closets-banios2\/wp-content\/uploads\/2025\/11\/gal4.jpg\" class=\"attachment-full size-full wp-image-1241\" alt=\"\" srcset=\"https:\/\/cocinasetc.com.gt\/cocinas-closets-banios2\/wp-content\/uploads\/2025\/11\/gal4.jpg 460w, https:\/\/cocinasetc.com.gt\/cocinas-closets-banios2\/wp-content\/uploads\/2025\/11\/gal4-300x300.jpg 300w, https:\/\/cocinasetc.com.gt\/cocinas-closets-banios2\/wp-content\/uploads\/2025\/11\/gal4-150x150.jpg 150w\" sizes=\"(max-width: 460px) 100vw, 460px\" \/>\t\t\t\t\t\t\t\t\t\t\t\t\t\t\t<\/div>\n\t\t\t\t<\/div>\n\t\t\t\t\t<\/div>\n\t\t<\/div>\n\t\t\t\t\t<\/div>\n\t\t<\/section>\n\t\t\t\t\t<\/div>\n\t\t<\/div>\n\t\t\t\t\t<\/div>\n\t\t<\/section>\n\t\t\t\t<section class=\"elementor-section elementor-top-section elementor-element elementor-element-4bdbe936 elementor-section-boxed elementor-section-height-default elementor-section-height-default\" data-id=\"4bdbe936\" data-element_type=\"section\" data-e-type=\"section\">\n\t\t\t\t\t\t<div class=\"elementor-container elementor-column-gap-default\">\n\t\t\t\t\t<div class=\"elementor-column elementor-col-50 elementor-top-column elementor-element elementor-element-618deeb0\" data-id=\"618deeb0\" data-element_type=\"column\" data-e-type=\"column\">\n\t\t\t<div class=\"elementor-widget-wrap elementor-element-populated\">\n\t\t\t\t\t\t<div class=\"elementor-element elementor-element-24a148c7 elementor-widget elementor-widget-heading\" data-id=\"24a148c7\" data-element_type=\"widget\" data-e-type=\"widget\" data-widget_type=\"heading.default\">\n\t\t\t\t<div class=\"elementor-widget-container\">\n\t\t\t\t\t<h3 class=\"elementor-heading-title elementor-size-default\">Brindamos estilo y elegancia a su ba\u00f1o y, al mismo tiempo, logramos optimizar sus espacios.  <\/h3>\t\t\t\t<\/div>\n\t\t\t\t<\/div>\n\t\t\t\t<div class=\"elementor-element elementor-element-730672d elementor-widget elementor-widget-heading\" data-id=\"730672d\" data-element_type=\"widget\" data-e-type=\"widget\" data-widget_type=\"heading.default\">\n\t\t\t\t<div class=\"elementor-widget-container\">\n\t\t\t\t\t<p class=\"elementor-heading-title elementor-size-default\">Fabricamos los muebles de ba\u00f1o con materiales de alta calidad, entre los mismos:  melamina importada con protecci\u00f3n antimicrobiana y alta resistencia a la abrasi\u00f3n para evitar rayaduras, madera s\u00f3lida obtenida de bosques certificados y\/o enchapados de madera.<\/p>\t\t\t\t<\/div>\n\t\t\t\t<\/div>\n\t\t\t\t<div class=\"elementor-element elementor-element-f639019 elementor-widget elementor-widget-heading\" data-id=\"f639019\" data-element_type=\"widget\" data-e-type=\"widget\" data-widget_type=\"heading.default\">\n\t\t\t\t<div class=\"elementor-widget-container\">\n\t\t\t\t\t<p class=\"elementor-heading-title elementor-size-default\">Los tops forman parte fundamental en los muebles de ba\u00f1o, ya que permiten mayor durabilidad y resistencia a los muebles.  Trabajamos m\u00e1rmoles, granitos o cuarzos en sus diferentes colores, texturas y acabados (filo matado y engrosados).  <\/p>\t\t\t\t<\/div>\n\t\t\t\t<\/div>\n\t\t\t\t\t<\/div>\n\t\t<\/div>\n\t\t\t\t<div class=\"elementor-column elementor-col-50 elementor-top-column elementor-element elementor-element-6130da0e\" data-id=\"6130da0e\" data-element_type=\"column\" data-e-type=\"column\">\n\t\t\t<div class=\"elementor-widget-wrap elementor-element-populated\">\n\t\t\t\t\t\t\t<\/div>\n\t\t<\/div>\n\t\t\t\t\t<\/div>\n\t\t<\/section>\n\t\t\t\t<section class=\"elementor-section elementor-top-section elementor-element elementor-element-536d984a elementor-section-full_width elementor-section-height-default elementor-section-height-default\" data-id=\"536d984a\" data-element_type=\"section\" data-e-type=\"section\">\n\t\t\t\t\t\t<div class=\"elementor-container elementor-column-gap-default\">\n\t\t\t\t\t<div class=\"elementor-column elementor-col-100 elementor-top-column elementor-element elementor-element-67d21e51\" data-id=\"67d21e51\" data-element_type=\"column\" data-e-type=\"column\">\n\t\t\t<div class=\"elementor-widget-wrap elementor-element-populated\">\n\t\t\t\t\t\t<div class=\"elementor-element elementor-element-78b2f299 elementor-widget elementor-widget-heading\" data-id=\"78b2f299\" data-element_type=\"widget\" data-e-type=\"widget\" data-widget_type=\"heading.default\">\n\t\t\t\t<div class=\"elementor-widget-container\">\n\t\t\t\t\t<h6 class=\"elementor-heading-title elementor-size-default\">TIPOS DE MUEBLES DE BA\u00d1O<\/h6>\t\t\t\t<\/div>\n\t\t\t\t<\/div>\n\t\t\t\t<div class=\"elementor-element elementor-element-29d7e40d elementor-widget elementor-widget-heading\" data-id=\"29d7e40d\" data-element_type=\"widget\" data-e-type=\"widget\" data-widget_type=\"heading.default\">\n\t\t\t\t<div class=\"elementor-widget-container\">\n\t\t\t\t\t<h2 class=\"elementor-heading-title elementor-size-default\">PROYECTOS REALIZADOS<\/h2>\t\t\t\t<\/div>\n\t\t\t\t<\/div>\n\t\t\t\t<section class=\"elementor-section elementor-inner-section elementor-element elementor-element-77f9c2f7 elementor-section-full_width elementor-section-height-default elementor-section-height-default\" data-id=\"77f9c2f7\" data-element_type=\"section\" data-e-type=\"section\">\n\t\t\t\t\t\t<div class=\"elementor-container elementor-column-gap-default\">\n\t\t\t\t\t<div class=\"elementor-column elementor-col-20 elementor-inner-column elementor-element elementor-element-726ccc5\" data-id=\"726ccc5\" data-element_type=\"column\" data-e-type=\"column\">\n\t\t\t<div class=\"elementor-widget-wrap elementor-element-populated\">\n\t\t\t\t\t\t<div class=\"elementor-element elementor-element-4e587dd elementor-widget elementor-widget-image\" data-id=\"4e587dd\" data-element_type=\"widget\" data-e-type=\"widget\" data-widget_type=\"image.default\">\n\t\t\t\t<div class=\"elementor-widget-container\">\n\t\t\t\t\t\t\t\t\t\t\t\t\t\t\t<img loading=\"lazy\" decoding=\"async\" width=\"800\" height=\"600\" src=\"https:\/\/cocinasetc.com.gt\/cocinas-closets-banios2\/wp-content\/uploads\/2025\/11\/muebles-para-bano-guatemala.jpg\" class=\"attachment-large size-large wp-image-1242\" alt=\"\" srcset=\"https:\/\/cocinasetc.com.gt\/cocinas-closets-banios2\/wp-content\/uploads\/2025\/11\/muebles-para-bano-guatemala.jpg 960w, https:\/\/cocinasetc.com.gt\/cocinas-closets-banios2\/wp-content\/uploads\/2025\/11\/muebles-para-bano-guatemala-300x225.jpg 300w, https:\/\/cocinasetc.com.gt\/cocinas-closets-banios2\/wp-content\/uploads\/2025\/11\/muebles-para-bano-guatemala-768x576.jpg 768w, https:\/\/cocinasetc.com.gt\/cocinas-closets-banios2\/wp-content\/uploads\/2025\/11\/muebles-para-bano-guatemala-700x525.jpg 700w, https:\/\/cocinasetc.com.gt\/cocinas-closets-banios2\/wp-content\/uploads\/2025\/11\/muebles-para-bano-guatemala-500x375.jpg 500w, https:\/\/cocinasetc.com.gt\/cocinas-closets-banios2\/wp-content\/uploads\/2025\/11\/muebles-para-bano-guatemala-800x600.jpg 800w\" sizes=\"(max-width: 800px) 100vw, 800px\" \/>\t\t\t\t\t\t\t\t\t\t\t\t\t\t\t<\/div>\n\t\t\t\t<\/div>\n\t\t\t\t<div class=\"elementor-element elementor-element-dd69ccf elementor-widget elementor-widget-shortcode\" data-id=\"dd69ccf\" data-element_type=\"widget\" data-e-type=\"widget\" data-widget_type=\"shortcode.default\">\n\t\t\t\t<div class=\"elementor-widget-container\">\n\t\t\t\t\t\t\t<div class=\"elementor-shortcode\">\n            <div \n                class=\"elfsight-widget-whatsapp-chat elfsight-widget\" \n                data-elfsight-whatsapp-chat-options=\"%7B%22facebookSubgoup%22%3Anull%2C%22whatsappSubgoup%22%3Anull%2C%22telegramSubgoup%22%3Anull%2C%22viberSubgoup%22%3Anull%2C%22rumbletalkSubgoup%22%3Anull%2C%22divider-1%22%3Anull%2C%22userAccessToken%22%3Anull%2C%22page%22%3Anull%2C%22phone%22%3A%2250251771009%22%2C%22link%22%3Anull%2C%22userAccessTokenBubbleSubgroup%22%3Anull%2C%22bubbleIcon%22%3A%22whatsapp-chat%22%2C%22bubbleText%22%3Anull%2C%22picture%22%3A%22library%22%2C%22pictureLibrary%22%3A%7B%22photo%22%3A%22https%3A%5C%2F%5C%2Fpbs.twimg.com%5C%2Fprofile_images%5C%2F951055655594545153%5C%2FF6eybr-i.jpg%22%7D%2C%22pictureCustom%22%3Anull%2C%22name%22%3A%22Cocinas%20etc.%22%2C%22nameCaptionType%22%3A%22custom%22%2C%22nameCaptionReplyTime%22%3A%22Typically%20replies%20within%20a%20day%22%2C%22nameCaptionCustom%22%3A%22Normalmente%20respondemos%20en%20segundos%22%2C%22welcomeMessage%22%3A%22%5Cu00a1Hola%21%20%5Cud83d%5Cudc4b%3Cbr%3E%3Cbr%3E%5Cu00bfC%5Cu00f3mo%20podemos%20ayudarte%3F%22%2C%22buttonText%22%3A%22Chatear%22%2C%22buttonIconVisible%22%3Atrue%2C%22position%22%3A%22floating%22%2C%22align%22%3A%22right%22%2C%22whereToDisplayChat%22%3A%22allPages%22%2C%22excludedPages%22%3A%5B%5D%2C%22specificPages%22%3A%5B%5D%2C%22devicesToDisplay%22%3A%5B%22mobile%22%2C%22desktop%22%5D%2C%22showChatTo%22%3A%22allVisitors%22%2C%22displayDays%22%3A%5B0%2C1%2C2%2C3%2C4%2C5%2C6%5D%2C%22timeSchedule%22%3Afalse%2C%22displayStartTime%22%3A%2200%3A00%22%2C%22displayEndTime%22%3A%2200%3A00%22%2C%22timeZone%22%3A0%2C%22timeOnPage%22%3A0%2C%22timeOnSite%22%3A0%2C%22scrollPosition%22%3A0%2C%22exiIntent%22%3Afalse%2C%22notifications%22%3A%5B%22bubbleBadge%22%2C%22tabTitle%22%5D%2C%22headerBackgroundColor%22%3A%22rgb%289%2C%2094%2C%2084%29%22%2C%22buttonColor%22%3A%22rgb%2879%2C%20206%2C%2093%29%22%2C%22bubbleBackgroundColor%22%3A%22rgb%2879%2C%20206%2C%2093%29%22%2C%22bubbleIconColor%22%3A%22rgb%28255%2C%20255%2C%20255%29%22%2C%22windowBackgroundColor%22%3A%22rgb%28230%2C%20221%2C%20212%29%22%2C%22windowBackgroundPattern%22%3A%22https%3A%5C%2F%5C%2Felfsight.com%5C%2Fassets%5C%2Fchats%5C%2Fpatterns%5C%2Fwhatsapp.png%22%2C%22buttonBorderRadius%22%3A20%2C%22widgetId%22%3A%221%22%7D\" \n                data-elfsight-whatsapp-chat-version=\"1.2.0\"\n                data-elfsight-widget-id=\"elfsight-whatsapp-chat-1\">\n            <\/div>\n             <\/div>\n\t\t\t\t\t\t<\/div>\n\t\t\t\t<\/div>\n\t\t\t\t\t<\/div>\n\t\t<\/div>\n\t\t\t\t<div class=\"elementor-column elementor-col-20 elementor-inner-column elementor-element elementor-element-521e851f\" data-id=\"521e851f\" data-element_type=\"column\" data-e-type=\"column\">\n\t\t\t<div class=\"elementor-widget-wrap elementor-element-populated\">\n\t\t\t\t\t\t<div class=\"elementor-element elementor-element-ec86454 elementor-widget elementor-widget-image\" data-id=\"ec86454\" data-element_type=\"widget\" data-e-type=\"widget\" data-widget_type=\"image.default\">\n\t\t\t\t<div class=\"elementor-widget-container\">\n\t\t\t\t\t\t\t\t\t\t\t\t\t\t\t<img loading=\"lazy\" decoding=\"async\" width=\"800\" height=\"600\" src=\"https:\/\/cocinasetc.com.gt\/cocinas-closets-banios2\/wp-content\/uploads\/2025\/11\/muebles-para-bano-guatemala-2.jpg\" class=\"attachment-large size-large wp-image-1243\" alt=\"\" srcset=\"https:\/\/cocinasetc.com.gt\/cocinas-closets-banios2\/wp-content\/uploads\/2025\/11\/muebles-para-bano-guatemala-2.jpg 960w, https:\/\/cocinasetc.com.gt\/cocinas-closets-banios2\/wp-content\/uploads\/2025\/11\/muebles-para-bano-guatemala-2-300x225.jpg 300w, https:\/\/cocinasetc.com.gt\/cocinas-closets-banios2\/wp-content\/uploads\/2025\/11\/muebles-para-bano-guatemala-2-768x576.jpg 768w, https:\/\/cocinasetc.com.gt\/cocinas-closets-banios2\/wp-content\/uploads\/2025\/11\/muebles-para-bano-guatemala-2-700x525.jpg 700w, https:\/\/cocinasetc.com.gt\/cocinas-closets-banios2\/wp-content\/uploads\/2025\/11\/muebles-para-bano-guatemala-2-500x375.jpg 500w, https:\/\/cocinasetc.com.gt\/cocinas-closets-banios2\/wp-content\/uploads\/2025\/11\/muebles-para-bano-guatemala-2-800x600.jpg 800w\" sizes=\"(max-width: 800px) 100vw, 800px\" \/>\t\t\t\t\t\t\t\t\t\t\t\t\t\t\t<\/div>\n\t\t\t\t<\/div>\n\t\t\t\t\t<\/div>\n\t\t<\/div>\n\t\t\t\t<div class=\"elementor-column elementor-col-20 elementor-inner-column elementor-element elementor-element-5fb3cff1\" data-id=\"5fb3cff1\" data-element_type=\"column\" data-e-type=\"column\">\n\t\t\t<div class=\"elementor-widget-wrap elementor-element-populated\">\n\t\t\t\t\t\t<div class=\"elementor-element elementor-element-4bdf9f6 elementor-widget elementor-widget-image\" data-id=\"4bdf9f6\" data-element_type=\"widget\" data-e-type=\"widget\" data-widget_type=\"image.default\">\n\t\t\t\t<div class=\"elementor-widget-container\">\n\t\t\t\t\t\t\t\t\t\t\t\t\t\t\t<img loading=\"lazy\" decoding=\"async\" width=\"800\" height=\"600\" src=\"https:\/\/cocinasetc.com.gt\/cocinas-closets-banios2\/wp-content\/uploads\/2025\/11\/muebles-para-bano-guatemala-3.jpg\" class=\"attachment-large size-large wp-image-1244\" alt=\"\" srcset=\"https:\/\/cocinasetc.com.gt\/cocinas-closets-banios2\/wp-content\/uploads\/2025\/11\/muebles-para-bano-guatemala-3.jpg 960w, https:\/\/cocinasetc.com.gt\/cocinas-closets-banios2\/wp-content\/uploads\/2025\/11\/muebles-para-bano-guatemala-3-300x225.jpg 300w, https:\/\/cocinasetc.com.gt\/cocinas-closets-banios2\/wp-content\/uploads\/2025\/11\/muebles-para-bano-guatemala-3-768x576.jpg 768w, https:\/\/cocinasetc.com.gt\/cocinas-closets-banios2\/wp-content\/uploads\/2025\/11\/muebles-para-bano-guatemala-3-700x525.jpg 700w, https:\/\/cocinasetc.com.gt\/cocinas-closets-banios2\/wp-content\/uploads\/2025\/11\/muebles-para-bano-guatemala-3-500x375.jpg 500w, https:\/\/cocinasetc.com.gt\/cocinas-closets-banios2\/wp-content\/uploads\/2025\/11\/muebles-para-bano-guatemala-3-800x600.jpg 800w\" sizes=\"(max-width: 800px) 100vw, 800px\" \/>\t\t\t\t\t\t\t\t\t\t\t\t\t\t\t<\/div>\n\t\t\t\t<\/div>\n\t\t\t\t\t<\/div>\n\t\t<\/div>\n\t\t\t\t<div class=\"elementor-column elementor-col-20 elementor-inner-column elementor-element elementor-element-2b7bf765\" data-id=\"2b7bf765\" data-element_type=\"column\" data-e-type=\"column\">\n\t\t\t<div class=\"elementor-widget-wrap elementor-element-populated\">\n\t\t\t\t\t\t<div class=\"elementor-element elementor-element-a48e12b elementor-widget elementor-widget-image\" data-id=\"a48e12b\" data-element_type=\"widget\" data-e-type=\"widget\" data-widget_type=\"image.default\">\n\t\t\t\t<div class=\"elementor-widget-container\">\n\t\t\t\t\t\t\t\t\t\t\t\t\t\t\t<img loading=\"lazy\" decoding=\"async\" width=\"800\" height=\"600\" src=\"https:\/\/cocinasetc.com.gt\/cocinas-closets-banios2\/wp-content\/uploads\/2025\/11\/muebles-para-bano-guatemala-4.jpg\" class=\"attachment-large size-large wp-image-1245\" alt=\"\" srcset=\"https:\/\/cocinasetc.com.gt\/cocinas-closets-banios2\/wp-content\/uploads\/2025\/11\/muebles-para-bano-guatemala-4.jpg 960w, https:\/\/cocinasetc.com.gt\/cocinas-closets-banios2\/wp-content\/uploads\/2025\/11\/muebles-para-bano-guatemala-4-300x225.jpg 300w, https:\/\/cocinasetc.com.gt\/cocinas-closets-banios2\/wp-content\/uploads\/2025\/11\/muebles-para-bano-guatemala-4-768x576.jpg 768w, https:\/\/cocinasetc.com.gt\/cocinas-closets-banios2\/wp-content\/uploads\/2025\/11\/muebles-para-bano-guatemala-4-700x525.jpg 700w, https:\/\/cocinasetc.com.gt\/cocinas-closets-banios2\/wp-content\/uploads\/2025\/11\/muebles-para-bano-guatemala-4-500x375.jpg 500w, https:\/\/cocinasetc.com.gt\/cocinas-closets-banios2\/wp-content\/uploads\/2025\/11\/muebles-para-bano-guatemala-4-800x600.jpg 800w\" sizes=\"(max-width: 800px) 100vw, 800px\" \/>\t\t\t\t\t\t\t\t\t\t\t\t\t\t\t<\/div>\n\t\t\t\t<\/div>\n\t\t\t\t\t<\/div>\n\t\t<\/div>\n\t\t\t\t<div class=\"elementor-column elementor-col-20 elementor-inner-column elementor-element elementor-element-3b97fbd3\" data-id=\"3b97fbd3\" data-element_type=\"column\" data-e-type=\"column\">\n\t\t\t<div class=\"elementor-widget-wrap elementor-element-populated\">\n\t\t\t\t\t\t<div class=\"elementor-element elementor-element-6e637b9 elementor-widget elementor-widget-image\" data-id=\"6e637b9\" data-element_type=\"widget\" data-e-type=\"widget\" data-widget_type=\"image.default\">\n\t\t\t\t<div class=\"elementor-widget-container\">\n\t\t\t\t\t\t\t\t\t\t\t\t\t\t\t<img loading=\"lazy\" decoding=\"async\" width=\"800\" height=\"600\" src=\"https:\/\/cocinasetc.com.gt\/cocinas-closets-banios2\/wp-content\/uploads\/2025\/11\/muebles-para-bano-guatemala-5.jpg\" class=\"attachment-large size-large wp-image-1246\" alt=\"\" srcset=\"https:\/\/cocinasetc.com.gt\/cocinas-closets-banios2\/wp-content\/uploads\/2025\/11\/muebles-para-bano-guatemala-5.jpg 960w, https:\/\/cocinasetc.com.gt\/cocinas-closets-banios2\/wp-content\/uploads\/2025\/11\/muebles-para-bano-guatemala-5-300x225.jpg 300w, https:\/\/cocinasetc.com.gt\/cocinas-closets-banios2\/wp-content\/uploads\/2025\/11\/muebles-para-bano-guatemala-5-768x576.jpg 768w, https:\/\/cocinasetc.com.gt\/cocinas-closets-banios2\/wp-content\/uploads\/2025\/11\/muebles-para-bano-guatemala-5-700x525.jpg 700w, https:\/\/cocinasetc.com.gt\/cocinas-closets-banios2\/wp-content\/uploads\/2025\/11\/muebles-para-bano-guatemala-5-500x375.jpg 500w, https:\/\/cocinasetc.com.gt\/cocinas-closets-banios2\/wp-content\/uploads\/2025\/11\/muebles-para-bano-guatemala-5-800x600.jpg 800w\" sizes=\"(max-width: 800px) 100vw, 800px\" \/>\t\t\t\t\t\t\t\t\t\t\t\t\t\t\t<\/div>\n\t\t\t\t<\/div>\n\t\t\t\t\t<\/div>\n\t\t<\/div>\n\t\t\t\t\t<\/div>\n\t\t<\/section>\n\t\t\t\t\t<\/div>\n\t\t<\/div>\n\t\t\t\t\t<\/div>\n\t\t<\/section>\n\t\t\t\t<\/div>\n\t\t","protected":false},"excerpt":{"rendered":"<p>MUEBLES DE BA\u00d1O Brindamos estilo y elegancia a su ba\u00f1o y, al mismo tiempo, logramos optimizar sus espacios. Fabricamos los muebles de ba\u00f1o con materiales de alta calidad, entre los mismos: melamina importada con protecci\u00f3n antimicrobiana y alta resistencia a la abrasi\u00f3n para evitar rayaduras, madera s\u00f3lida obtenida de bosques certificados y\/o enchapados de madera. [&hellip;]<\/p>\n","protected":false},"author":1,"featured_media":0,"parent":0,"menu_order":0,"comment_status":"closed","ping_status":"closed","template":"","meta":{"om_disable_all_campaigns":false,"footnotes":""},"class_list":["post-201","page","type-page","status-publish","hentry"],"_links":{"self":[{"href":"https:\/\/cocinasetc.com.gt\/cocinas-closets-banios2\/wp-json\/wp\/v2\/pages\/201","targetHints":{"allow":["GET"]}}],"collection":[{"href":"https:\/\/cocinasetc.com.gt\/cocinas-closets-banios2\/wp-json\/wp\/v2\/pages"}],"about":[{"href":"https:\/\/cocinasetc.com.gt\/cocinas-closets-banios2\/wp-json\/wp\/v2\/types\/page"}],"author":[{"embeddable":true,"href":"https:\/\/cocinasetc.com.gt\/cocinas-closets-banios2\/wp-json\/wp\/v2\/users\/1"}],"replies":[{"embeddable":true,"href":"https:\/\/cocinasetc.com.gt\/cocinas-closets-banios2\/wp-json\/wp\/v2\/comments?post=201"}],"version-history":[{"count":22,"href":"https:\/\/cocinasetc.com.gt\/cocinas-closets-banios2\/wp-json\/wp\/v2\/pages\/201\/revisions"}],"predecessor-version":[{"id":1249,"href":"https:\/\/cocinasetc.com.gt\/cocinas-closets-banios2\/wp-json\/wp\/v2\/pages\/201\/revisions\/1249"}],"wp:attachment":[{"href":"https:\/\/cocinasetc.com.gt\/cocinas-closets-banios2\/wp-json\/wp\/v2\/media?parent=201"}],"curies":[{"name":"wp","href":"https:\/\/api.w.org\/{rel}","templated":true}]}}