{"id":211,"date":"2021-07-02T00:35:48","date_gmt":"2021-07-02T00:35:48","guid":{"rendered":"https:\/\/cocinasetc.com.gt\/cocinas-closets-banios2\/?page_id=211"},"modified":"2025-11-28T00:58:09","modified_gmt":"2025-11-28T00:58:09","slug":"otros","status":"publish","type":"page","link":"https:\/\/cocinasetc.com.gt\/cocinas-closets-banios2\/otros\/","title":{"rendered":"Otros"},"content":{"rendered":"\t\t<div data-elementor-type=\"wp-page\" data-elementor-id=\"211\" class=\"elementor elementor-211\" data-elementor-post-type=\"page\">\n\t\t\t\t\t\t<section class=\"elementor-section elementor-top-section elementor-element elementor-element-2fa12675 elementor-section-boxed elementor-section-height-default elementor-section-height-default\" data-id=\"2fa12675\" data-element_type=\"section\" data-e-type=\"section\" data-settings=\"{&quot;background_background&quot;:&quot;classic&quot;}\">\n\t\t\t\t\t\t<div class=\"elementor-container elementor-column-gap-default\">\n\t\t\t\t\t<div class=\"elementor-column elementor-col-100 elementor-top-column elementor-element elementor-element-5f5f09cd\" data-id=\"5f5f09cd\" data-element_type=\"column\" data-e-type=\"column\">\n\t\t\t<div class=\"elementor-widget-wrap elementor-element-populated\">\n\t\t\t\t\t\t<section class=\"elementor-section elementor-inner-section elementor-element elementor-element-137bd07b elementor-section-full_width elementor-section-height-default elementor-section-height-default\" data-id=\"137bd07b\" data-element_type=\"section\" data-e-type=\"section\">\n\t\t\t\t\t\t<div class=\"elementor-container elementor-column-gap-default\">\n\t\t\t\t\t<div class=\"elementor-column elementor-col-50 elementor-inner-column elementor-element elementor-element-5ed41017\" data-id=\"5ed41017\" data-element_type=\"column\" data-e-type=\"column\">\n\t\t\t<div class=\"elementor-widget-wrap\">\n\t\t\t\t\t\t\t<\/div>\n\t\t<\/div>\n\t\t\t\t<div class=\"elementor-column elementor-col-50 elementor-inner-column elementor-element elementor-element-159a5c77\" data-id=\"159a5c77\" data-element_type=\"column\" data-e-type=\"column\">\n\t\t\t<div class=\"elementor-widget-wrap elementor-element-populated\">\n\t\t\t\t\t\t<div class=\"elementor-element elementor-element-5f8fec5b elementor-widget elementor-widget-heading\" data-id=\"5f8fec5b\" data-element_type=\"widget\" data-e-type=\"widget\" data-widget_type=\"heading.default\">\n\t\t\t\t<div class=\"elementor-widget-container\">\n\t\t\t\t\t<h3 class=\"elementor-heading-title elementor-size-default\">OTROS<\/h3>\t\t\t\t<\/div>\n\t\t\t\t<\/div>\n\t\t\t\t\t<\/div>\n\t\t<\/div>\n\t\t\t\t\t<\/div>\n\t\t<\/section>\n\t\t\t\t\t<\/div>\n\t\t<\/div>\n\t\t\t\t\t<\/div>\n\t\t<\/section>\n\t\t\t\t<section class=\"elementor-section elementor-top-section elementor-element elementor-element-cc8a963 elementor-section-boxed elementor-section-height-default elementor-section-height-default\" data-id=\"cc8a963\" data-element_type=\"section\" data-e-type=\"section\">\n\t\t\t\t\t\t<div class=\"elementor-container elementor-column-gap-default\">\n\t\t\t\t\t<div class=\"elementor-column elementor-col-100 elementor-top-column elementor-element elementor-element-33f114b0\" data-id=\"33f114b0\" data-element_type=\"column\" data-e-type=\"column\">\n\t\t\t<div class=\"elementor-widget-wrap elementor-element-populated\">\n\t\t\t\t\t\t<section class=\"elementor-section elementor-inner-section elementor-element elementor-element-2c3c64b8 elementor-section-full_width elementor-section-height-default elementor-section-height-default\" data-id=\"2c3c64b8\" data-element_type=\"section\" data-e-type=\"section\">\n\t\t\t\t\t\t<div class=\"elementor-container elementor-column-gap-default\">\n\t\t\t\t\t<div class=\"elementor-column elementor-col-50 elementor-inner-column elementor-element elementor-element-1c87aa89\" data-id=\"1c87aa89\" data-element_type=\"column\" data-e-type=\"column\">\n\t\t\t<div class=\"elementor-widget-wrap elementor-element-populated\">\n\t\t\t\t\t\t<div class=\"elementor-element elementor-element-774a537f elementor-widget elementor-widget-image\" data-id=\"774a537f\" data-element_type=\"widget\" data-e-type=\"widget\" data-widget_type=\"image.default\">\n\t\t\t\t<div class=\"elementor-widget-container\">\n\t\t\t\t\t\t\t\t\t\t\t\t\t\t\t<img fetchpriority=\"high\" decoding=\"async\" width=\"1010\" height=\"610\" src=\"https:\/\/cocinasetc.com.gt\/cocinas-closets-banios2\/wp-content\/uploads\/2025\/11\/muebles-para-habitaciones-guatemala.jpg\" class=\"elementor-animation-sink attachment-full size-full wp-image-1265\" alt=\"\" srcset=\"https:\/\/cocinasetc.com.gt\/cocinas-closets-banios2\/wp-content\/uploads\/2025\/11\/muebles-para-habitaciones-guatemala.jpg 1010w, https:\/\/cocinasetc.com.gt\/cocinas-closets-banios2\/wp-content\/uploads\/2025\/11\/muebles-para-habitaciones-guatemala-300x181.jpg 300w, https:\/\/cocinasetc.com.gt\/cocinas-closets-banios2\/wp-content\/uploads\/2025\/11\/muebles-para-habitaciones-guatemala-768x464.jpg 768w, https:\/\/cocinasetc.com.gt\/cocinas-closets-banios2\/wp-content\/uploads\/2025\/11\/muebles-para-habitaciones-guatemala-700x423.jpg 700w, https:\/\/cocinasetc.com.gt\/cocinas-closets-banios2\/wp-content\/uploads\/2025\/11\/muebles-para-habitaciones-guatemala-500x302.jpg 500w\" sizes=\"(max-width: 1010px) 100vw, 1010px\" \/>\t\t\t\t\t\t\t\t\t\t\t\t\t\t\t<\/div>\n\t\t\t\t<\/div>\n\t\t\t\t\t<\/div>\n\t\t<\/div>\n\t\t\t\t<div class=\"elementor-column elementor-col-50 elementor-inner-column elementor-element elementor-element-3fc2ecd7\" data-id=\"3fc2ecd7\" data-element_type=\"column\" data-e-type=\"column\">\n\t\t\t<div class=\"elementor-widget-wrap elementor-element-populated\">\n\t\t\t\t\t\t<div class=\"elementor-element elementor-element-67ac077c elementor-widget elementor-widget-image\" data-id=\"67ac077c\" data-element_type=\"widget\" data-e-type=\"widget\" data-widget_type=\"image.default\">\n\t\t\t\t<div class=\"elementor-widget-container\">\n\t\t\t\t\t\t\t\t\t\t\t\t\t\t\t<img decoding=\"async\" width=\"460\" height=\"460\" src=\"https:\/\/cocinasetc.com.gt\/cocinas-closets-banios2\/wp-content\/uploads\/2025\/11\/muebles-otros-gal-1.jpg\" class=\"attachment-full size-full wp-image-1266\" alt=\"\" srcset=\"https:\/\/cocinasetc.com.gt\/cocinas-closets-banios2\/wp-content\/uploads\/2025\/11\/muebles-otros-gal-1.jpg 460w, https:\/\/cocinasetc.com.gt\/cocinas-closets-banios2\/wp-content\/uploads\/2025\/11\/muebles-otros-gal-1-300x300.jpg 300w, https:\/\/cocinasetc.com.gt\/cocinas-closets-banios2\/wp-content\/uploads\/2025\/11\/muebles-otros-gal-1-150x150.jpg 150w\" sizes=\"(max-width: 460px) 100vw, 460px\" \/>\t\t\t\t\t\t\t\t\t\t\t\t\t\t\t<\/div>\n\t\t\t\t<\/div>\n\t\t\t\t<div class=\"elementor-element elementor-element-6ad7e8ab elementor-widget elementor-widget-image\" data-id=\"6ad7e8ab\" data-element_type=\"widget\" data-e-type=\"widget\" data-widget_type=\"image.default\">\n\t\t\t\t<div class=\"elementor-widget-container\">\n\t\t\t\t\t\t\t\t\t\t\t\t\t\t\t<img decoding=\"async\" width=\"460\" height=\"460\" src=\"https:\/\/cocinasetc.com.gt\/cocinas-closets-banios2\/wp-content\/uploads\/2025\/11\/muebles-otros-gal-2.jpg\" class=\"attachment-full size-full wp-image-1267\" alt=\"\" srcset=\"https:\/\/cocinasetc.com.gt\/cocinas-closets-banios2\/wp-content\/uploads\/2025\/11\/muebles-otros-gal-2.jpg 460w, https:\/\/cocinasetc.com.gt\/cocinas-closets-banios2\/wp-content\/uploads\/2025\/11\/muebles-otros-gal-2-300x300.jpg 300w, https:\/\/cocinasetc.com.gt\/cocinas-closets-banios2\/wp-content\/uploads\/2025\/11\/muebles-otros-gal-2-150x150.jpg 150w\" sizes=\"(max-width: 460px) 100vw, 460px\" \/>\t\t\t\t\t\t\t\t\t\t\t\t\t\t\t<\/div>\n\t\t\t\t<\/div>\n\t\t\t\t<div class=\"elementor-element elementor-element-78a43b3f elementor-widget elementor-widget-image\" data-id=\"78a43b3f\" data-element_type=\"widget\" data-e-type=\"widget\" data-widget_type=\"image.default\">\n\t\t\t\t<div class=\"elementor-widget-container\">\n\t\t\t\t\t\t\t\t\t\t\t\t\t\t\t<img loading=\"lazy\" decoding=\"async\" width=\"460\" height=\"460\" src=\"https:\/\/cocinasetc.com.gt\/cocinas-closets-banios2\/wp-content\/uploads\/2025\/11\/muebles-otros-gal-3.jpg\" class=\"attachment-full size-full wp-image-1268\" alt=\"\" srcset=\"https:\/\/cocinasetc.com.gt\/cocinas-closets-banios2\/wp-content\/uploads\/2025\/11\/muebles-otros-gal-3.jpg 460w, https:\/\/cocinasetc.com.gt\/cocinas-closets-banios2\/wp-content\/uploads\/2025\/11\/muebles-otros-gal-3-300x300.jpg 300w, https:\/\/cocinasetc.com.gt\/cocinas-closets-banios2\/wp-content\/uploads\/2025\/11\/muebles-otros-gal-3-150x150.jpg 150w\" sizes=\"(max-width: 460px) 100vw, 460px\" \/>\t\t\t\t\t\t\t\t\t\t\t\t\t\t\t<\/div>\n\t\t\t\t<\/div>\n\t\t\t\t<div class=\"elementor-element elementor-element-428ce46d elementor-widget elementor-widget-image\" data-id=\"428ce46d\" data-element_type=\"widget\" data-e-type=\"widget\" data-widget_type=\"image.default\">\n\t\t\t\t<div class=\"elementor-widget-container\">\n\t\t\t\t\t\t\t\t\t\t\t\t\t\t\t<img loading=\"lazy\" decoding=\"async\" width=\"460\" height=\"460\" src=\"https:\/\/cocinasetc.com.gt\/cocinas-closets-banios2\/wp-content\/uploads\/2025\/11\/muebles-otros-gal-4.jpg\" class=\"attachment-full size-full wp-image-1269\" alt=\"\" srcset=\"https:\/\/cocinasetc.com.gt\/cocinas-closets-banios2\/wp-content\/uploads\/2025\/11\/muebles-otros-gal-4.jpg 460w, https:\/\/cocinasetc.com.gt\/cocinas-closets-banios2\/wp-content\/uploads\/2025\/11\/muebles-otros-gal-4-300x300.jpg 300w, https:\/\/cocinasetc.com.gt\/cocinas-closets-banios2\/wp-content\/uploads\/2025\/11\/muebles-otros-gal-4-150x150.jpg 150w\" sizes=\"(max-width: 460px) 100vw, 460px\" \/>\t\t\t\t\t\t\t\t\t\t\t\t\t\t\t<\/div>\n\t\t\t\t<\/div>\n\t\t\t\t\t<\/div>\n\t\t<\/div>\n\t\t\t\t\t<\/div>\n\t\t<\/section>\n\t\t\t\t\t<\/div>\n\t\t<\/div>\n\t\t\t\t\t<\/div>\n\t\t<\/section>\n\t\t\t\t<section class=\"elementor-section elementor-top-section elementor-element elementor-element-4bdbe936 elementor-section-boxed elementor-section-height-default elementor-section-height-default\" data-id=\"4bdbe936\" data-element_type=\"section\" data-e-type=\"section\">\n\t\t\t\t\t\t<div class=\"elementor-container elementor-column-gap-default\">\n\t\t\t\t\t<div class=\"elementor-column elementor-col-50 elementor-top-column elementor-element elementor-element-618deeb0\" data-id=\"618deeb0\" data-element_type=\"column\" data-e-type=\"column\">\n\t\t\t<div class=\"elementor-widget-wrap elementor-element-populated\">\n\t\t\t\t\t\t<div class=\"elementor-element elementor-element-24a148c7 elementor-widget elementor-widget-heading\" data-id=\"24a148c7\" data-element_type=\"widget\" data-e-type=\"widget\" data-widget_type=\"heading.default\">\n\t\t\t\t<div class=\"elementor-widget-container\">\n\t\t\t\t\t<h3 class=\"elementor-heading-title elementor-size-default\">MUEBLES DE LAVANDER\u00cdA &amp; ESTUDIOS <\/h3>\t\t\t\t<\/div>\n\t\t\t\t<\/div>\n\t\t\t\t<div class=\"elementor-element elementor-element-18aabcf8 elementor-widget elementor-widget-heading\" data-id=\"18aabcf8\" data-element_type=\"widget\" data-e-type=\"widget\" data-widget_type=\"heading.default\">\n\t\t\t\t<div class=\"elementor-widget-container\">\n\t\t\t\t\t<p class=\"elementor-heading-title elementor-size-default\">Muebles dise\u00f1ados y fabricados a la medida para mantener el orden y aprovechar al 100% sus espacios.  Fabricados en melamina o combinando melamina y madera s\u00f3lida, mdf o enchapado de madera; con tops de cuarzo, granito, m\u00e1rmol, melamina o madera s\u00f3lida para darle el toque final en base a sus gustos y estilo de vida.<\/p>\t\t\t\t<\/div>\n\t\t\t\t<\/div>\n\t\t\t\t\t<\/div>\n\t\t<\/div>\n\t\t\t\t<div class=\"elementor-column elementor-col-50 elementor-top-column elementor-element elementor-element-6130da0e\" data-id=\"6130da0e\" data-element_type=\"column\" data-e-type=\"column\">\n\t\t\t<div class=\"elementor-widget-wrap elementor-element-populated\">\n\t\t\t\t\t\t\t<\/div>\n\t\t<\/div>\n\t\t\t\t\t<\/div>\n\t\t<\/section>\n\t\t\t\t<section class=\"elementor-section elementor-top-section elementor-element elementor-element-536d984a elementor-section-full_width elementor-section-height-default elementor-section-height-default\" data-id=\"536d984a\" data-element_type=\"section\" data-e-type=\"section\">\n\t\t\t\t\t\t<div class=\"elementor-container elementor-column-gap-default\">\n\t\t\t\t\t<div class=\"elementor-column elementor-col-100 elementor-top-column elementor-element elementor-element-67d21e51\" data-id=\"67d21e51\" data-element_type=\"column\" data-e-type=\"column\">\n\t\t\t<div class=\"elementor-widget-wrap elementor-element-populated\">\n\t\t\t\t\t\t<div class=\"elementor-element elementor-element-78b2f299 elementor-widget elementor-widget-heading\" data-id=\"78b2f299\" data-element_type=\"widget\" data-e-type=\"widget\" data-widget_type=\"heading.default\">\n\t\t\t\t<div class=\"elementor-widget-container\">\n\t\t\t\t\t<h6 class=\"elementor-heading-title elementor-size-default\">MUEBLES DE LAVANDER\u00cdA &amp; ESTUDIOS <\/h6>\t\t\t\t<\/div>\n\t\t\t\t<\/div>\n\t\t\t\t<div class=\"elementor-element elementor-element-29d7e40d elementor-widget elementor-widget-heading\" data-id=\"29d7e40d\" data-element_type=\"widget\" data-e-type=\"widget\" data-widget_type=\"heading.default\">\n\t\t\t\t<div class=\"elementor-widget-container\">\n\t\t\t\t\t<h2 class=\"elementor-heading-title elementor-size-default\">PROYECTOS REALIZADOS<\/h2>\t\t\t\t<\/div>\n\t\t\t\t<\/div>\n\t\t\t\t<section class=\"elementor-section elementor-inner-section elementor-element elementor-element-77f9c2f7 elementor-section-full_width elementor-section-height-default elementor-section-height-default\" data-id=\"77f9c2f7\" data-element_type=\"section\" data-e-type=\"section\">\n\t\t\t\t\t\t<div class=\"elementor-container elementor-column-gap-default\">\n\t\t\t\t\t<div class=\"elementor-column elementor-col-20 elementor-inner-column elementor-element elementor-element-726ccc5\" data-id=\"726ccc5\" data-element_type=\"column\" data-e-type=\"column\">\n\t\t\t<div class=\"elementor-widget-wrap elementor-element-populated\">\n\t\t\t\t\t\t<div class=\"elementor-element elementor-element-bebc62b elementor-widget elementor-widget-image\" data-id=\"bebc62b\" data-element_type=\"widget\" data-e-type=\"widget\" data-widget_type=\"image.default\">\n\t\t\t\t<div class=\"elementor-widget-container\">\n\t\t\t\t\t\t\t\t\t\t\t\t\t\t\t<img loading=\"lazy\" decoding=\"async\" width=\"800\" height=\"600\" src=\"https:\/\/cocinasetc.com.gt\/cocinas-closets-banios2\/wp-content\/uploads\/2025\/11\/galeria-2.jpg\" class=\"attachment-large size-large wp-image-1271\" alt=\"\" srcset=\"https:\/\/cocinasetc.com.gt\/cocinas-closets-banios2\/wp-content\/uploads\/2025\/11\/galeria-2.jpg 960w, https:\/\/cocinasetc.com.gt\/cocinas-closets-banios2\/wp-content\/uploads\/2025\/11\/galeria-2-300x225.jpg 300w, https:\/\/cocinasetc.com.gt\/cocinas-closets-banios2\/wp-content\/uploads\/2025\/11\/galeria-2-768x576.jpg 768w, https:\/\/cocinasetc.com.gt\/cocinas-closets-banios2\/wp-content\/uploads\/2025\/11\/galeria-2-700x525.jpg 700w, https:\/\/cocinasetc.com.gt\/cocinas-closets-banios2\/wp-content\/uploads\/2025\/11\/galeria-2-500x375.jpg 500w, https:\/\/cocinasetc.com.gt\/cocinas-closets-banios2\/wp-content\/uploads\/2025\/11\/galeria-2-800x600.jpg 800w\" sizes=\"(max-width: 800px) 100vw, 800px\" \/>\t\t\t\t\t\t\t\t\t\t\t\t\t\t\t<\/div>\n\t\t\t\t<\/div>\n\t\t\t\t<div class=\"elementor-element elementor-element-e773585 elementor-widget elementor-widget-shortcode\" data-id=\"e773585\" data-element_type=\"widget\" data-e-type=\"widget\" data-widget_type=\"shortcode.default\">\n\t\t\t\t<div class=\"elementor-widget-container\">\n\t\t\t\t\t\t\t<div class=\"elementor-shortcode\">\n            <div \n                class=\"elfsight-widget-whatsapp-chat elfsight-widget\" \n                data-elfsight-whatsapp-chat-options=\"%7B%22facebookSubgoup%22%3Anull%2C%22whatsappSubgoup%22%3Anull%2C%22telegramSubgoup%22%3Anull%2C%22viberSubgoup%22%3Anull%2C%22rumbletalkSubgoup%22%3Anull%2C%22divider-1%22%3Anull%2C%22userAccessToken%22%3Anull%2C%22page%22%3Anull%2C%22phone%22%3A%2250251771009%22%2C%22link%22%3Anull%2C%22userAccessTokenBubbleSubgroup%22%3Anull%2C%22bubbleIcon%22%3A%22whatsapp-chat%22%2C%22bubbleText%22%3Anull%2C%22picture%22%3A%22library%22%2C%22pictureLibrary%22%3A%7B%22photo%22%3A%22https%3A%5C%2F%5C%2Fpbs.twimg.com%5C%2Fprofile_images%5C%2F951055655594545153%5C%2FF6eybr-i.jpg%22%7D%2C%22pictureCustom%22%3Anull%2C%22name%22%3A%22Cocinas%20etc.%22%2C%22nameCaptionType%22%3A%22custom%22%2C%22nameCaptionReplyTime%22%3A%22Typically%20replies%20within%20a%20day%22%2C%22nameCaptionCustom%22%3A%22Normalmente%20respondemos%20en%20segundos%22%2C%22welcomeMessage%22%3A%22%5Cu00a1Hola%21%20%5Cud83d%5Cudc4b%3Cbr%3E%3Cbr%3E%5Cu00bfC%5Cu00f3mo%20podemos%20ayudarte%3F%22%2C%22buttonText%22%3A%22Chatear%22%2C%22buttonIconVisible%22%3Atrue%2C%22position%22%3A%22floating%22%2C%22align%22%3A%22right%22%2C%22whereToDisplayChat%22%3A%22allPages%22%2C%22excludedPages%22%3A%5B%5D%2C%22specificPages%22%3A%5B%5D%2C%22devicesToDisplay%22%3A%5B%22mobile%22%2C%22desktop%22%5D%2C%22showChatTo%22%3A%22allVisitors%22%2C%22displayDays%22%3A%5B0%2C1%2C2%2C3%2C4%2C5%2C6%5D%2C%22timeSchedule%22%3Afalse%2C%22displayStartTime%22%3A%2200%3A00%22%2C%22displayEndTime%22%3A%2200%3A00%22%2C%22timeZone%22%3A0%2C%22timeOnPage%22%3A0%2C%22timeOnSite%22%3A0%2C%22scrollPosition%22%3A0%2C%22exiIntent%22%3Afalse%2C%22notifications%22%3A%5B%22bubbleBadge%22%2C%22tabTitle%22%5D%2C%22headerBackgroundColor%22%3A%22rgb%289%2C%2094%2C%2084%29%22%2C%22buttonColor%22%3A%22rgb%2879%2C%20206%2C%2093%29%22%2C%22bubbleBackgroundColor%22%3A%22rgb%2879%2C%20206%2C%2093%29%22%2C%22bubbleIconColor%22%3A%22rgb%28255%2C%20255%2C%20255%29%22%2C%22windowBackgroundColor%22%3A%22rgb%28230%2C%20221%2C%20212%29%22%2C%22windowBackgroundPattern%22%3A%22https%3A%5C%2F%5C%2Felfsight.com%5C%2Fassets%5C%2Fchats%5C%2Fpatterns%5C%2Fwhatsapp.png%22%2C%22buttonBorderRadius%22%3A20%2C%22widgetId%22%3A%221%22%7D\" \n                data-elfsight-whatsapp-chat-version=\"1.2.0\"\n                data-elfsight-widget-id=\"elfsight-whatsapp-chat-1\">\n            <\/div>\n            <\/div>\n\t\t\t\t\t\t<\/div>\n\t\t\t\t<\/div>\n\t\t\t\t\t<\/div>\n\t\t<\/div>\n\t\t\t\t<div class=\"elementor-column elementor-col-20 elementor-inner-column elementor-element elementor-element-521e851f\" data-id=\"521e851f\" data-element_type=\"column\" data-e-type=\"column\">\n\t\t\t<div class=\"elementor-widget-wrap elementor-element-populated\">\n\t\t\t\t\t\t<div class=\"elementor-element elementor-element-758ae85 elementor-widget elementor-widget-image\" data-id=\"758ae85\" data-element_type=\"widget\" data-e-type=\"widget\" data-widget_type=\"image.default\">\n\t\t\t\t<div class=\"elementor-widget-container\">\n\t\t\t\t\t\t\t\t\t\t\t\t\t\t\t<img loading=\"lazy\" decoding=\"async\" width=\"800\" height=\"600\" src=\"https:\/\/cocinasetc.com.gt\/cocinas-closets-banios2\/wp-content\/uploads\/2025\/11\/glaeria-3.jpg\" class=\"attachment-large size-large wp-image-1272\" alt=\"\" srcset=\"https:\/\/cocinasetc.com.gt\/cocinas-closets-banios2\/wp-content\/uploads\/2025\/11\/glaeria-3.jpg 960w, https:\/\/cocinasetc.com.gt\/cocinas-closets-banios2\/wp-content\/uploads\/2025\/11\/glaeria-3-300x225.jpg 300w, https:\/\/cocinasetc.com.gt\/cocinas-closets-banios2\/wp-content\/uploads\/2025\/11\/glaeria-3-768x576.jpg 768w, https:\/\/cocinasetc.com.gt\/cocinas-closets-banios2\/wp-content\/uploads\/2025\/11\/glaeria-3-700x525.jpg 700w, https:\/\/cocinasetc.com.gt\/cocinas-closets-banios2\/wp-content\/uploads\/2025\/11\/glaeria-3-500x375.jpg 500w, https:\/\/cocinasetc.com.gt\/cocinas-closets-banios2\/wp-content\/uploads\/2025\/11\/glaeria-3-800x600.jpg 800w\" sizes=\"(max-width: 800px) 100vw, 800px\" \/>\t\t\t\t\t\t\t\t\t\t\t\t\t\t\t<\/div>\n\t\t\t\t<\/div>\n\t\t\t\t\t<\/div>\n\t\t<\/div>\n\t\t\t\t<div class=\"elementor-column elementor-col-20 elementor-inner-column elementor-element elementor-element-5fb3cff1\" data-id=\"5fb3cff1\" data-element_type=\"column\" data-e-type=\"column\">\n\t\t\t<div class=\"elementor-widget-wrap elementor-element-populated\">\n\t\t\t\t\t\t<div class=\"elementor-element elementor-element-8faa436 elementor-widget elementor-widget-image\" data-id=\"8faa436\" data-element_type=\"widget\" data-e-type=\"widget\" data-widget_type=\"image.default\">\n\t\t\t\t<div class=\"elementor-widget-container\">\n\t\t\t\t\t\t\t\t\t\t\t\t\t\t\t<img loading=\"lazy\" decoding=\"async\" width=\"800\" height=\"600\" src=\"https:\/\/cocinasetc.com.gt\/cocinas-closets-banios2\/wp-content\/uploads\/2025\/11\/galeria-4.jpg\" class=\"attachment-large size-large wp-image-1273\" alt=\"\" srcset=\"https:\/\/cocinasetc.com.gt\/cocinas-closets-banios2\/wp-content\/uploads\/2025\/11\/galeria-4.jpg 960w, https:\/\/cocinasetc.com.gt\/cocinas-closets-banios2\/wp-content\/uploads\/2025\/11\/galeria-4-300x225.jpg 300w, https:\/\/cocinasetc.com.gt\/cocinas-closets-banios2\/wp-content\/uploads\/2025\/11\/galeria-4-768x576.jpg 768w, https:\/\/cocinasetc.com.gt\/cocinas-closets-banios2\/wp-content\/uploads\/2025\/11\/galeria-4-700x525.jpg 700w, https:\/\/cocinasetc.com.gt\/cocinas-closets-banios2\/wp-content\/uploads\/2025\/11\/galeria-4-500x375.jpg 500w, https:\/\/cocinasetc.com.gt\/cocinas-closets-banios2\/wp-content\/uploads\/2025\/11\/galeria-4-800x600.jpg 800w\" sizes=\"(max-width: 800px) 100vw, 800px\" \/>\t\t\t\t\t\t\t\t\t\t\t\t\t\t\t<\/div>\n\t\t\t\t<\/div>\n\t\t\t\t\t<\/div>\n\t\t<\/div>\n\t\t\t\t<div class=\"elementor-column elementor-col-20 elementor-inner-column elementor-element elementor-element-2b7bf765\" data-id=\"2b7bf765\" data-element_type=\"column\" data-e-type=\"column\">\n\t\t\t<div class=\"elementor-widget-wrap elementor-element-populated\">\n\t\t\t\t\t\t<div class=\"elementor-element elementor-element-b91bfbc elementor-widget elementor-widget-image\" data-id=\"b91bfbc\" data-element_type=\"widget\" data-e-type=\"widget\" data-widget_type=\"image.default\">\n\t\t\t\t<div class=\"elementor-widget-container\">\n\t\t\t\t\t\t\t\t\t\t\t\t\t\t\t<img loading=\"lazy\" decoding=\"async\" width=\"800\" height=\"600\" src=\"https:\/\/cocinasetc.com.gt\/cocinas-closets-banios2\/wp-content\/uploads\/2025\/11\/galeria-5.jpg\" class=\"attachment-large size-large wp-image-1274\" alt=\"\" srcset=\"https:\/\/cocinasetc.com.gt\/cocinas-closets-banios2\/wp-content\/uploads\/2025\/11\/galeria-5.jpg 960w, https:\/\/cocinasetc.com.gt\/cocinas-closets-banios2\/wp-content\/uploads\/2025\/11\/galeria-5-300x225.jpg 300w, https:\/\/cocinasetc.com.gt\/cocinas-closets-banios2\/wp-content\/uploads\/2025\/11\/galeria-5-768x576.jpg 768w, https:\/\/cocinasetc.com.gt\/cocinas-closets-banios2\/wp-content\/uploads\/2025\/11\/galeria-5-700x525.jpg 700w, https:\/\/cocinasetc.com.gt\/cocinas-closets-banios2\/wp-content\/uploads\/2025\/11\/galeria-5-500x375.jpg 500w, https:\/\/cocinasetc.com.gt\/cocinas-closets-banios2\/wp-content\/uploads\/2025\/11\/galeria-5-800x600.jpg 800w\" sizes=\"(max-width: 800px) 100vw, 800px\" \/>\t\t\t\t\t\t\t\t\t\t\t\t\t\t\t<\/div>\n\t\t\t\t<\/div>\n\t\t\t\t\t<\/div>\n\t\t<\/div>\n\t\t\t\t<div class=\"elementor-column elementor-col-20 elementor-inner-column elementor-element elementor-element-3b97fbd3\" data-id=\"3b97fbd3\" data-element_type=\"column\" data-e-type=\"column\">\n\t\t\t<div class=\"elementor-widget-wrap elementor-element-populated\">\n\t\t\t\t\t\t<div class=\"elementor-element elementor-element-207e542 elementor-widget elementor-widget-image\" data-id=\"207e542\" data-element_type=\"widget\" data-e-type=\"widget\" data-widget_type=\"image.default\">\n\t\t\t\t<div class=\"elementor-widget-container\">\n\t\t\t\t\t\t\t\t\t\t\t\t\t\t\t<img loading=\"lazy\" decoding=\"async\" width=\"800\" height=\"600\" src=\"https:\/\/cocinasetc.com.gt\/cocinas-closets-banios2\/wp-content\/uploads\/2025\/11\/galeria-1.jpg\" class=\"attachment-large size-large wp-image-1270\" alt=\"\" srcset=\"https:\/\/cocinasetc.com.gt\/cocinas-closets-banios2\/wp-content\/uploads\/2025\/11\/galeria-1.jpg 960w, https:\/\/cocinasetc.com.gt\/cocinas-closets-banios2\/wp-content\/uploads\/2025\/11\/galeria-1-300x225.jpg 300w, https:\/\/cocinasetc.com.gt\/cocinas-closets-banios2\/wp-content\/uploads\/2025\/11\/galeria-1-768x576.jpg 768w, https:\/\/cocinasetc.com.gt\/cocinas-closets-banios2\/wp-content\/uploads\/2025\/11\/galeria-1-700x525.jpg 700w, https:\/\/cocinasetc.com.gt\/cocinas-closets-banios2\/wp-content\/uploads\/2025\/11\/galeria-1-500x375.jpg 500w, https:\/\/cocinasetc.com.gt\/cocinas-closets-banios2\/wp-content\/uploads\/2025\/11\/galeria-1-800x600.jpg 800w\" sizes=\"(max-width: 800px) 100vw, 800px\" \/>\t\t\t\t\t\t\t\t\t\t\t\t\t\t\t<\/div>\n\t\t\t\t<\/div>\n\t\t\t\t\t<\/div>\n\t\t<\/div>\n\t\t\t\t\t<\/div>\n\t\t<\/section>\n\t\t\t\t\t<\/div>\n\t\t<\/div>\n\t\t\t\t\t<\/div>\n\t\t<\/section>\n\t\t\t\t<\/div>\n\t\t","protected":false},"excerpt":{"rendered":"<p>OTROS MUEBLES DE LAVANDER\u00cdA &amp; ESTUDIOS Muebles dise\u00f1ados y fabricados a la medida para mantener el orden y aprovechar al 100% sus espacios. Fabricados en melamina o combinando melamina y madera s\u00f3lida, mdf o enchapado de madera; con tops de cuarzo, granito, m\u00e1rmol, melamina o madera s\u00f3lida para darle el toque final en base a [&hellip;]<\/p>\n","protected":false},"author":1,"featured_media":0,"parent":0,"menu_order":0,"comment_status":"closed","ping_status":"closed","template":"","meta":{"om_disable_all_campaigns":false,"footnotes":""},"class_list":["post-211","page","type-page","status-publish","hentry"],"_links":{"self":[{"href":"https:\/\/cocinasetc.com.gt\/cocinas-closets-banios2\/wp-json\/wp\/v2\/pages\/211","targetHints":{"allow":["GET"]}}],"collection":[{"href":"https:\/\/cocinasetc.com.gt\/cocinas-closets-banios2\/wp-json\/wp\/v2\/pages"}],"about":[{"href":"https:\/\/cocinasetc.com.gt\/cocinas-closets-banios2\/wp-json\/wp\/v2\/types\/page"}],"author":[{"embeddable":true,"href":"https:\/\/cocinasetc.com.gt\/cocinas-closets-banios2\/wp-json\/wp\/v2\/users\/1"}],"replies":[{"embeddable":true,"href":"https:\/\/cocinasetc.com.gt\/cocinas-closets-banios2\/wp-json\/wp\/v2\/comments?post=211"}],"version-history":[{"count":13,"href":"https:\/\/cocinasetc.com.gt\/cocinas-closets-banios2\/wp-json\/wp\/v2\/pages\/211\/revisions"}],"predecessor-version":[{"id":1277,"href":"https:\/\/cocinasetc.com.gt\/cocinas-closets-banios2\/wp-json\/wp\/v2\/pages\/211\/revisions\/1277"}],"wp:attachment":[{"href":"https:\/\/cocinasetc.com.gt\/cocinas-closets-banios2\/wp-json\/wp\/v2\/media?parent=211"}],"curies":[{"name":"wp","href":"https:\/\/api.w.org\/{rel}","templated":true}]}}